{"id":959,"date":"2019-12-06T16:03:06","date_gmt":"2019-12-06T19:03:06","guid":{"rendered":"https:\/\/www.carlaomultimotos.com.br\/site\/?page_id=959"},"modified":"2021-10-08T16:32:17","modified_gmt":"2021-10-08T19:32:17","slug":"contato","status":"publish","type":"page","link":"https:\/\/www.carlaomultimotos.com.br\/site\/contato\/","title":{"rendered":"Contato"},"content":{"rendered":"<p>[et_pb_section fb_built=&#8221;1&#8243; _builder_version=&#8221;3.22.7&#8243; use_background_color_gradient=&#8221;on&#8221; background_color_gradient_start=&#8221;rgba(40,40,40,0.79)&#8221; background_color_gradient_end=&#8221;rgba(40,40,40,0.86)&#8221; background_color_gradient_type=&#8221;radial&#8221; background_color_gradient_overlays_image=&#8221;on&#8221; background_image=&#8221;https:\/\/www.carlaomultimotos.com.br\/site\/wp-content\/uploads\/2019\/12\/carl\u00e3o-multimotos-honda-cg-2020.jpg&#8221; custom_padding=&#8221;0px||0px||true&#8221;][et_pb_row use_custom_gutter=&#8221;on&#8221; padding_top_bottom_link_1=&#8221;true&#8221; padding_top_bottom_link_2=&#8221;true&#8221; padding_left_right_link_2=&#8221;true&#8221; _builder_version=&#8221;3.25&#8243; width=&#8221;100%&#8221; max_width=&#8221;100%&#8221; custom_margin=&#8221;||||true&#8221; custom_padding=&#8221;0px||0px||true&#8221; column_structure=&#8221;3_5,2_5&#8243;][et_pb_column type=&#8221;3_5&#8243; _builder_version=&#8221;3.25&#8243; custom_padding=&#8221;5vw|6vw|5vw|6vw&#8221; custom_padding__hover=&#8221;|||&#8221;][et_pb_text _builder_version=&#8221;3.27.4&#8243; header_font=&#8221;Open Sans|600|||||||&#8221; header_text_color=&#8221;#e8e8e8&#8243; header_font_size=&#8221;50px&#8221; max_width=&#8221;800px&#8221; custom_margin=&#8221;|||0px&#8221; custom_padding=&#8221;|||16px&#8221; border_color_all=&#8221;#8e0b0b&#8221; border_width_left=&#8221;8px&#8221; border_color_left=&#8221;#B21507&#8243;]<\/p>\n<h1>Fale Conosco<\/h1>\n<p>[\/et_pb_text][et_pb_text _builder_version=&#8221;3.27.4&#8243; text_font=&#8221;||||||||&#8221; text_text_color=&#8221;#e8e8e8&#8243; header_font=&#8221;||||||||&#8221; header_2_font=&#8221;||||||||&#8221; header_3_font=&#8221;Open Sans||||||||&#8221; header_3_text_color=&#8221;#e8e8e8&#8243; header_3_line_height=&#8221;1.7em&#8221; max_width=&#8221;800px&#8221; module_alignment=&#8221;right&#8221; custom_padding=&#8221;20px||20px||true&#8221;]<\/p>\n<h3><span>Estamos sempre \u00e0 disposi\u00e7\u00e3o para d\u00favidas, cr\u00edticas e sugest\u00e3o para sempre melhorarmos.<\/span><\/h3>\n<p>[\/et_pb_text][et_pb_button button_url=&#8221;#contato&#8221; button_text=&#8221;Mande uma Mensagem&#8221; button_alignment=&#8221;center&#8221; _builder_version=&#8221;3.22.7&#8243; custom_button=&#8221;on&#8221; button_text_color=&#8221;#ffffff&#8221; button_bg_color=&#8221;#B21507&#8243; button_border_width=&#8221;0px&#8221; button_border_radius=&#8221;4px&#8221; button_font=&#8221;||||||||&#8221;][\/et_pb_button][\/et_pb_column][et_pb_column type=&#8221;2_5&#8243; _builder_version=&#8221;3.25&#8243; background_color=&#8221;#B21507&#8243; custom_padding=&#8221;82px|40px|82px|40px&#8221; custom_padding__hover=&#8221;|||&#8221;][et_pb_blurb title=&#8221;Onde Estamos? &#8221; use_icon=&#8221;on&#8221; font_icon=&#8221;%%122%%&#8221; icon_color=&#8221;#e8e8e8&#8243; icon_placement=&#8221;left&#8221; _builder_version=&#8221;3.22.7&#8243; header_font=&#8221;Open Sans|600|||||||&#8221; header_text_color=&#8221;#e8e8e8&#8243; body_font=&#8221;||||||||&#8221; body_text_color=&#8221;#e8e8e8&#8243; body_font_size=&#8221;15px&#8221; body_line_height=&#8221;1.2em&#8221;]<\/p>\n<p><span>R. Miguel Couto, 851 &#8211; Centro<\/span><\/p>\n<p><span>Frederico Westphalen &#8211;\u00a0<\/span><span>RS, 98400-000<\/span><\/p>\n<p>[\/et_pb_blurb][et_pb_blurb title=&#8221;Hor\u00e1rio de Atendimento&#8221; use_icon=&#8221;on&#8221; font_icon=&#8221;%%92%%&#8221; icon_color=&#8221;#e8e8e8&#8243; icon_placement=&#8221;left&#8221; _builder_version=&#8221;3.22.7&#8243; header_font=&#8221;Open Sans|600|||||||&#8221; header_text_color=&#8221;#e8e8e8&#8243; body_font=&#8221;||||||||&#8221; body_text_color=&#8221;#e8e8e8&#8243; body_font_size=&#8221;15px&#8221; body_line_height=&#8221;1em&#8221;]<\/p>\n<p><span>De segunda a sexta das 08:00 \u00e0s 18:00<\/span><\/p>\n<p><span>S\u00e1bados das 08:00 \u00e0s 12:00\u00a0<\/span><\/p>\n<p>[\/et_pb_blurb][et_pb_blurb title=&#8221;Entre em Contato&#8221; use_icon=&#8221;on&#8221; font_icon=&#8221;%%85%%&#8221; icon_color=&#8221;#e8e8e8&#8243; icon_placement=&#8221;left&#8221; _builder_version=&#8221;3.22.7&#8243; header_font=&#8221;|600|||||||&#8221; header_text_color=&#8221;#e8e8e8&#8243; body_font=&#8221;||||||||&#8221; body_text_color=&#8221;#e8e8e8&#8243; body_font_size=&#8221;15px&#8221; body_line_height=&#8221;1.8em&#8221;]<\/p>\n<div><span>(55) 3744 &#8211; 7774<\/span><\/div>\n<div><span>(55) 9 9969-1428<\/span><\/div>\n<p>[\/et_pb_blurb][\/et_pb_column][\/et_pb_row][\/et_pb_section][et_pb_section fb_built=&#8221;1&#8243; use_custom_gutter=&#8221;on&#8221; gutter_width=&#8221;1&#8243; specialty=&#8221;on&#8221; module_id=&#8221;contato&#8221; _builder_version=&#8221;3.22.7&#8243; background_color=&#8221;#dddddd&#8221; width=&#8221;100%&#8221; inner_width=&#8221;100%&#8221; inner_max_width=&#8221;100%&#8221; custom_padding=&#8221;0px||0px||true&#8221;][et_pb_column type=&#8221;1_2&#8243; _builder_version=&#8221;3.25&#8243; custom_padding=&#8221;|||&#8221; custom_padding__hover=&#8221;|||&#8221;][et_pb_text _builder_version=&#8221;3.27.4&#8243; header_font=&#8221;||||||||&#8221; header_text_align=&#8221;center&#8221; header_2_font=&#8221;Open Sans|600|||||||&#8221; header_2_text_align=&#8221;center&#8221; header_2_font_size=&#8221;40px&#8221; width=&#8221;100%&#8221; width_tablet=&#8221;&#8221; width_phone=&#8221;100%&#8221; width_last_edited=&#8221;on|phone&#8221; max_width=&#8221;100%&#8221; module_alignment=&#8221;center&#8221; custom_padding=&#8221;10px||10px||true&#8221;]<\/p>\n<h2>Entre em Contato<\/h2>\n<p>[\/et_pb_text][et_pb_contact_form _builder_version=&#8221;4.7.4&#8243; title_font=&#8221;||||||||&#8221; custom_button=&#8221;on&#8221; button_text_color=&#8221;#ffffff&#8221; button_bg_color=&#8221;#B21507&#8243; button_border_width=&#8221;0px&#8221; button_border_radius=&#8221;5px&#8221; button_font=&#8221;Open Sans||||||||&#8221; button_use_icon=&#8221;off&#8221; width=&#8221;75%&#8221; width_tablet=&#8221;&#8221; width_phone=&#8221;&#8221; width_last_edited=&#8221;on|desktop&#8221; max_width=&#8221;100%&#8221; module_alignment=&#8221;center&#8221; custom_margin_tablet=&#8221;&#8221; custom_margin_phone=&#8221;|||58px&#8221; custom_margin_last_edited=&#8221;on|phone&#8221; custom_padding=&#8221;||10px&#8221; hover_enabled=&#8221;0&#8243; border_width_all=&#8221;1px&#8221; border_color_all=&#8221;rgba(51,51,51,0.2)&#8221; sticky_enabled=&#8221;0&#8243;][et_pb_contact_field field_id=&#8221;Name&#8221; field_title=&#8221;Nome&#8221; min_length=&#8221;100&#8243; max_length=&#8221;100&#8243; fullwidth_field=&#8221;on&#8221; _builder_version=&#8221;3.22.7&#8243; button_text_size__hover_enabled=&#8221;off&#8221; button_one_text_size__hover_enabled=&#8221;off&#8221; button_two_text_size__hover_enabled=&#8221;off&#8221; button_text_color__hover_enabled=&#8221;off&#8221; button_one_text_color__hover_enabled=&#8221;off&#8221; button_two_text_color__hover_enabled=&#8221;off&#8221; button_border_width__hover_enabled=&#8221;off&#8221; button_one_border_width__hover_enabled=&#8221;off&#8221; button_two_border_width__hover_enabled=&#8221;off&#8221; button_border_color__hover_enabled=&#8221;off&#8221; button_one_border_color__hover_enabled=&#8221;off&#8221; button_two_border_color__hover_enabled=&#8221;off&#8221; button_border_radius__hover_enabled=&#8221;off&#8221; button_one_border_radius__hover_enabled=&#8221;off&#8221; button_two_border_radius__hover_enabled=&#8221;off&#8221; button_letter_spacing__hover_enabled=&#8221;off&#8221; button_one_letter_spacing__hover_enabled=&#8221;off&#8221; button_two_letter_spacing__hover_enabled=&#8221;off&#8221; button_bg_color__hover_enabled=&#8221;off&#8221; button_one_bg_color__hover_enabled=&#8221;off&#8221; button_two_bg_color__hover_enabled=&#8221;off&#8221;][\/et_pb_contact_field][et_pb_contact_field field_id=&#8221;Email&#8221; field_title=&#8221;E-mail&#8221; field_type=&#8221;email&#8221; fullwidth_field=&#8221;on&#8221; _builder_version=&#8221;3.22.7&#8243; button_text_size__hover_enabled=&#8221;off&#8221; button_one_text_size__hover_enabled=&#8221;off&#8221; button_two_text_size__hover_enabled=&#8221;off&#8221; button_text_color__hover_enabled=&#8221;off&#8221; button_one_text_color__hover_enabled=&#8221;off&#8221; button_two_text_color__hover_enabled=&#8221;off&#8221; button_border_width__hover_enabled=&#8221;off&#8221; button_one_border_width__hover_enabled=&#8221;off&#8221; button_two_border_width__hover_enabled=&#8221;off&#8221; button_border_color__hover_enabled=&#8221;off&#8221; button_one_border_color__hover_enabled=&#8221;off&#8221; button_two_border_color__hover_enabled=&#8221;off&#8221; button_border_radius__hover_enabled=&#8221;off&#8221; button_one_border_radius__hover_enabled=&#8221;off&#8221; button_two_border_radius__hover_enabled=&#8221;off&#8221; button_letter_spacing__hover_enabled=&#8221;off&#8221; button_one_letter_spacing__hover_enabled=&#8221;off&#8221; button_two_letter_spacing__hover_enabled=&#8221;off&#8221; button_bg_color__hover_enabled=&#8221;off&#8221; button_one_bg_color__hover_enabled=&#8221;off&#8221; button_two_bg_color__hover_enabled=&#8221;off&#8221;][\/et_pb_contact_field][et_pb_contact_field field_id=&#8221;Message&#8221; field_title=&#8221;Mensagem&#8221; field_type=&#8221;text&#8221; fullwidth_field=&#8221;on&#8221; _builder_version=&#8221;3.16&#8243; button_text_size__hover_enabled=&#8221;off&#8221; button_one_text_size__hover_enabled=&#8221;off&#8221; button_two_text_size__hover_enabled=&#8221;off&#8221; button_text_color__hover_enabled=&#8221;off&#8221; button_one_text_color__hover_enabled=&#8221;off&#8221; button_two_text_color__hover_enabled=&#8221;off&#8221; button_border_width__hover_enabled=&#8221;off&#8221; button_one_border_width__hover_enabled=&#8221;off&#8221; button_two_border_width__hover_enabled=&#8221;off&#8221; button_border_color__hover_enabled=&#8221;off&#8221; button_one_border_color__hover_enabled=&#8221;off&#8221; button_two_border_color__hover_enabled=&#8221;off&#8221; button_border_radius__hover_enabled=&#8221;off&#8221; button_one_border_radius__hover_enabled=&#8221;off&#8221; button_two_border_radius__hover_enabled=&#8221;off&#8221; button_letter_spacing__hover_enabled=&#8221;off&#8221; button_one_letter_spacing__hover_enabled=&#8221;off&#8221; button_two_letter_spacing__hover_enabled=&#8221;off&#8221; button_bg_color__hover_enabled=&#8221;off&#8221; button_one_bg_color__hover_enabled=&#8221;off&#8221; button_two_bg_color__hover_enabled=&#8221;off&#8221;][\/et_pb_contact_field][\/et_pb_contact_form][\/et_pb_column][et_pb_column type=&#8221;1_2&#8243; specialty_columns=&#8221;2&#8243; _builder_version=&#8221;3.25&#8243; custom_padding=&#8221;|||&#8221; custom_padding__hover=&#8221;|||&#8221;][et_pb_row_inner _builder_version=&#8221;3.25&#8243; custom_margin=&#8221;0px||0px||true&#8221; custom_padding=&#8221;0px||0px||true&#8221;][et_pb_column_inner saved_specialty_column_type=&#8221;1_2&#8243; _builder_version=&#8221;3.25&#8243; custom_padding=&#8221;|||&#8221; custom_padding__hover=&#8221;|||&#8221;][et_pb_code _builder_version=&#8221;3.22.7&#8243;]<iframe loading=\"lazy\" src=\"https:\/\/www.google.com\/maps\/embed?pb=!1m18!1m12!1m3!1d3543.4257460477065!2d-53.399415484945436!3d-27.36241618293596!2m3!1f0!2f0!3f0!3m2!1i1024!2i768!4f13.1!3m3!1m2!1s0x94fb9e075d07cd81%3A0x2b3bcd9371af1742!2sCarl%C3%A3o%20Multimotos!5e0!3m2!1spt-BR!2sbr!4v1575656501908!5m2!1spt-BR!2sbr\" width=\"100%\" height=\"500\" frameborder=\"0\" style=\"border:0;\" allowfullscreen=\"\"><\/iframe>[\/et_pb_code][\/et_pb_column_inner][\/et_pb_row_inner][\/et_pb_column][\/et_pb_section]<\/p>\n","protected":false},"excerpt":{"rendered":"<p>[et_pb_section fb_built=&#8221;1&#8243; _builder_version=&#8221;3.22.7&#8243; use_background_color_gradient=&#8221;on&#8221; background_color_gradient_start=&#8221;rgba(40,40,40,0.79)&#8221; background_color_gradient_end=&#8221;rgba(40,40,40,0.86)&#8221; background_color_gradient_type=&#8221;radial&#8221; background_color_gradient_overlays_image=&#8221;on&#8221; background_image=&#8221;https:\/\/www.carlaomultimotos.com.br\/site\/wp-content\/uploads\/2019\/12\/carl\u00e3o-multimotos-honda-cg-2020.jpg&#8221; custom_padding=&#8221;0px||0px||true&#8221;][et_pb_row use_custom_gutter=&#8221;on&#8221; padding_top_bottom_link_1=&#8221;true&#8221; padding_top_bottom_link_2=&#8221;true&#8221; padding_left_right_link_2=&#8221;true&#8221; _builder_version=&#8221;3.25&#8243; width=&#8221;100%&#8221; max_width=&#8221;100%&#8221; custom_margin=&#8221;||||true&#8221; custom_padding=&#8221;0px||0px||true&#8221; column_structure=&#8221;3_5,2_5&#8243;][et_pb_column type=&#8221;3_5&#8243; _builder_version=&#8221;3.25&#8243; custom_padding=&#8221;5vw|6vw|5vw|6vw&#8221; custom_padding__hover=&#8221;|||&#8221;][et_pb_text _builder_version=&#8221;3.27.4&#8243; header_font=&#8221;Open Sans|600|||||||&#8221; header_text_color=&#8221;#e8e8e8&#8243; header_font_size=&#8221;50px&#8221; max_width=&#8221;800px&#8221; custom_margin=&#8221;|||0px&#8221; custom_padding=&#8221;|||16px&#8221; border_color_all=&#8221;#8e0b0b&#8221; border_width_left=&#8221;8px&#8221; border_color_left=&#8221;#B21507&#8243;] Fale Conosco [\/et_pb_text][et_pb_text _builder_version=&#8221;3.27.4&#8243; text_font=&#8221;||||||||&#8221; text_text_color=&#8221;#e8e8e8&#8243; header_font=&#8221;||||||||&#8221; header_2_font=&#8221;||||||||&#8221; header_3_font=&#8221;Open Sans||||||||&#8221; header_3_text_color=&#8221;#e8e8e8&#8243; header_3_line_height=&#8221;1.7em&#8221; max_width=&#8221;800px&#8221; module_alignment=&#8221;right&#8221; custom_padding=&#8221;20px||20px||true&#8221;] Estamos sempre \u00e0 disposi\u00e7\u00e3o para [&hellip;]<\/p>\n","protected":false},"author":1,"featured_media":0,"parent":0,"menu_order":0,"comment_status":"closed","ping_status":"closed","template":"","meta":{"_et_pb_use_builder":"on","_et_pb_old_content":"","_et_gb_content_width":"","footnotes":""},"class_list":["post-959","page","type-page","status-publish","hentry"],"_links":{"self":[{"href":"https:\/\/www.carlaomultimotos.com.br\/site\/wp-json\/wp\/v2\/pages\/959","targetHints":{"allow":["GET"]}}],"collection":[{"href":"https:\/\/www.carlaomultimotos.com.br\/site\/wp-json\/wp\/v2\/pages"}],"about":[{"href":"https:\/\/www.carlaomultimotos.com.br\/site\/wp-json\/wp\/v2\/types\/page"}],"author":[{"embeddable":true,"href":"https:\/\/www.carlaomultimotos.com.br\/site\/wp-json\/wp\/v2\/users\/1"}],"replies":[{"embeddable":true,"href":"https:\/\/www.carlaomultimotos.com.br\/site\/wp-json\/wp\/v2\/comments?post=959"}],"version-history":[{"count":33,"href":"https:\/\/www.carlaomultimotos.com.br\/site\/wp-json\/wp\/v2\/pages\/959\/revisions"}],"predecessor-version":[{"id":25347,"href":"https:\/\/www.carlaomultimotos.com.br\/site\/wp-json\/wp\/v2\/pages\/959\/revisions\/25347"}],"wp:attachment":[{"href":"https:\/\/www.carlaomultimotos.com.br\/site\/wp-json\/wp\/v2\/media?parent=959"}],"curies":[{"name":"wp","href":"https:\/\/api.w.org\/{rel}","templated":true}]}}